{"id":843,"date":"2016-06-22T03:49:44","date_gmt":"2016-06-22T03:49:44","guid":{"rendered":"http:\/\/demo.thememodern.com\/finance\/?page_id=316"},"modified":"2024-12-05T16:09:02","modified_gmt":"2024-12-05T16:09:02","slug":"about-us-2","status":"publish","type":"page","link":"https:\/\/afridisk.com\/?page_id=843","title":{"rendered":"A propos d&#8217;Afridisk"},"content":{"rendered":"<div class=\"wpb-content-wrapper\"><p>[vc_row][vc_column width=&#8221;1\/2&#8243;]\n  <div class=\"video-intro-container\">\n\n    <div class=\"background-video\">\n\n      <img decoding=\"async\" src=\"https:\/\/afridisk.com\/wp-content\/uploads\/2024\/11\/Photo2-scaled-e1732889921123.jpg\" class=\"images-responsive\" alt=\"Image\">\n\n      <button data-href=\"https:\/\/1drv.ms\/v\/c\/ed6c9d7c35c93b2b\/EbG11j3WxVtAtFrqThvkfIsBHpaTCdRRCj096Y7raVKaSA?e=SfoOBF\" id=\"btn-event\" class=\"btn btn-play\"><\/button>\n\n    <\/div>\n\n    <div id=\"video-container\" class=\"embed-responsive embed-responsive-16by9 iframe-video-container\">\n\n      <iframe id=\"video\" class=\"embed-responsive-item\" src=\"https:\/\/1drv.ms\/v\/c\/ed6c9d7c35c93b2b\/EbG11j3WxVtAtFrqThvkfIsBHpaTCdRRCj096Y7raVKaSA?e=SfoOBF\"  allowfullscreen><\/iframe>\n\n    <\/div>\n\n  <\/div>\n\n  <script type=\"text\/javascript\">\n\n    (function($) {\"use strict\"\n\n      $(\"#btn-event\").click(function()\n\n        {\n          var link = $(this).attr(\"data-href\");\n          var autoplay = \"?autoplay=1\";\n          $(\"#video\").attr(\"src\",link + autoplay);\n          $(\"#video-container\").css({\"z-index\":\"99\",\"transition\":\"all 3s\"});\n          $(\".background-video\").css({\"opacity\":\"0\",\"transition\":\"all 3s\"});\n        } \n      );\n\n    })(jQuery);\n\n    <\/script>\n\n[\/vc_column][vc_column width=&#8221;1\/2&#8243; el_class=&#8221;text-left&#8221;]\n  <h2 style=\"\" > Nous sommes l'innovation technologique<\/h2>\n[vc_column_text css=&#8221;.vc_custom_1732887319318{margin-bottom: 0px !important;}&#8221;]Nous sommes une entreprise jeune mais forte et solidement b\u00e2tie. Notre vision est de prendre le leadership du secteur num\u00e9rique en Afrique et de compter parmi les plus grandes entreprises de ce secteur dans le monde. Nous r\u00e9fl\u00e9chissons aux probl\u00e8mes de la soci\u00e9t\u00e9 et trouvons des solutions digitales adapt\u00e9es et efficaces qui facilitent la vie et am\u00e9liorent efficacement les r\u00e9sultats.[\/vc_column_text]\n  <div class=\"counter-up counter-up-style-1 text-center\">\n\n      <ul>\n                  <li>\n            <p><span class=\"couterup\" id=\"yoe\"><\/span><\/p>\n            <span class=\"label-counter\">Ann\u00e9es d&#039;exp\u00e9rience<\/span>\n          <\/li>\n        \n                  <li>\n            <p><span class=\"couterup\" id=\"hc\"><\/span><\/p>\n            <span class=\"label-counter\">Clients satisfaits<\/span>\n          <\/li>\n        \n                  <li>\n            <p><span class=\"couterup\" id=\"satis\"><\/span><span class=\"unit\">%<\/span><\/p>\n            <span class=\"label-counter\">Satisfaction<\/span>\n          <\/li>\n        \n        \n        \n      <\/ul>\n    <\/div><!-- End counter up -->\n  <script type=\"text\/javascript\">\n    (function($) { \"use strict\";\n      $(document).ready(function(){\n        var executed = false;\n           $('.counter-up').waypoint(function() {\n            if (!executed) {\n              executed = true;\n                                  $('#yoe').animateNumber\n                  (\n                    {\n                     number: 2,\n                     easing: 'ease', \n                    },\n                    2000\n                  );\n                  \n                                 $('#hc').animateNumber\n                 (\n                    {\n                     number: 100,\n                     easing: 'ease', \n                    },\n                    2000\n                 );\n                  \n                                 $('#satis').animateNumber\n                 (\n                    {\n                     number: 98,\n                     easing: 'ease', \n                    },\n                    2000\n                  );\n                  \n                  \n                   \n              }\n          },{offset: 'bottom-in-view' })        \n       });\n    })(jQuery);\n  <\/script>\n\n[\/vc_column][\/vc_row][vc_row css=&#8221;.vc_custom_1466567904918{padding-top: 0px !important;padding-bottom: 0px !important;}&#8221;][vc_column][vc_separator css=&#8221;.vc_custom_1466567909318{margin-bottom: 0px !important;}&#8221;][\/vc_column][\/vc_row][vc_row][vc_column]\n    <h2 class=\"title\">Notre \u00e9quipe<\/h2>\n    <div class=\"customNavigation\">\n      <a class=\"btn prev-experts\"><i class=\"fa fa-angle-left\"><\/i><\/a>\n      <a class=\"btn next-experts\"><i class=\"fa fa-angle-right\" aria-hidden=\"true\"><\/i><\/a>\n    <\/div><!-- End owl custom button -->  \n    <div class=\"padding-bottom-15\"><\/div>\n    <div id=\"owl-experts\" class=\"owl-carousel owl-theme owl-experts clearfix\">\n      \n      <div class=\"item item-experts text-center\">\n        <div class=\"expert-img-container\">\n            <div class=\"avatar\">\n              <img loading=\"lazy\" decoding=\"async\" width=\"213\" height=\"320\" src=\"https:\/\/afridisk.com\/wp-content\/uploads\/2016\/06\/Photo-Aime.jpg\" class=\"img-responsive wp-post-image\" alt=\"\" srcset=\"https:\/\/afridisk.com\/wp-content\/uploads\/2016\/06\/Photo-Aime.jpg 213w, https:\/\/afridisk.com\/wp-content\/uploads\/2016\/06\/Photo-Aime-200x300.jpg 200w\" sizes=\"auto, (max-width: 213px) 100vw, 213px\" \/>            <\/div>\n                          <a href=\"http:\/\/Aim\u00e9%20Mbuyi\" class=\"in-experts\">\n                <i class=\"fa fa-linkedin\"><\/i>\n              <\/a>\n                    <\/div> <!-- end expert img container -->          \n        <div class=\"clearfix\"><\/div>\n        <h4 class=\"\">Aim\u00e9 Junior Mbuyi<\/h4>\n        <div class=\"job-experts\">Directeur G\u00e9n\u00e9ral<\/div>\n        <div class=\"description-experts\"><\/div>\n      <\/div><!-- end item -->\n      \n      <div class=\"item item-experts text-center\">\n        <div class=\"expert-img-container\">\n            <div class=\"avatar\">\n              <img loading=\"lazy\" decoding=\"async\" width=\"1630\" height=\"1577\" src=\"https:\/\/afridisk.com\/wp-content\/uploads\/2016\/06\/Photo-2-1-e1732812984446.jpg\" class=\"img-responsive wp-post-image\" alt=\"\" srcset=\"https:\/\/afridisk.com\/wp-content\/uploads\/2016\/06\/Photo-2-1-e1732812984446.jpg 1630w, https:\/\/afridisk.com\/wp-content\/uploads\/2016\/06\/Photo-2-1-e1732812984446-300x290.jpg 300w, https:\/\/afridisk.com\/wp-content\/uploads\/2016\/06\/Photo-2-1-e1732812984446-1024x991.jpg 1024w, https:\/\/afridisk.com\/wp-content\/uploads\/2016\/06\/Photo-2-1-e1732812984446-768x743.jpg 768w, https:\/\/afridisk.com\/wp-content\/uploads\/2016\/06\/Photo-2-1-e1732812984446-1536x1486.jpg 1536w, https:\/\/afridisk.com\/wp-content\/uploads\/2016\/06\/Photo-2-1-e1732812984446-600x580.jpg 600w\" sizes=\"auto, (max-width: 1630px) 100vw, 1630px\" \/>            <\/div>\n                          <a href=\"http:\/\/linkedin.com\" class=\"in-experts\">\n                <i class=\"fa fa-linkedin\"><\/i>\n              <\/a>\n                    <\/div> <!-- end expert img container -->          \n        <div class=\"clearfix\"><\/div>\n        <h4 class=\"\">Christelle Ngalula<\/h4>\n        <div class=\"job-experts\">R\u00e9ceptionniste<\/div>\n        <div class=\"description-experts\"><\/div>\n      <\/div><!-- end item -->\n      \n      <div class=\"item item-experts text-center\">\n        <div class=\"expert-img-container\">\n            <div class=\"avatar\">\n              <img loading=\"lazy\" decoding=\"async\" width=\"1630\" height=\"1404\" src=\"https:\/\/afridisk.com\/wp-content\/uploads\/2016\/06\/Photo-e1732812107862.jpg\" class=\"img-responsive wp-post-image\" alt=\"\" srcset=\"https:\/\/afridisk.com\/wp-content\/uploads\/2016\/06\/Photo-e1732812107862.jpg 1630w, https:\/\/afridisk.com\/wp-content\/uploads\/2016\/06\/Photo-e1732812107862-300x258.jpg 300w, https:\/\/afridisk.com\/wp-content\/uploads\/2016\/06\/Photo-e1732812107862-1024x882.jpg 1024w, https:\/\/afridisk.com\/wp-content\/uploads\/2016\/06\/Photo-e1732812107862-768x662.jpg 768w, https:\/\/afridisk.com\/wp-content\/uploads\/2016\/06\/Photo-e1732812107862-1536x1323.jpg 1536w, https:\/\/afridisk.com\/wp-content\/uploads\/2016\/06\/Photo-e1732812107862-600x517.jpg 600w\" sizes=\"auto, (max-width: 1630px) 100vw, 1630px\" \/>            <\/div>\n                          <a href=\"http:\/\/linkedin.com\" class=\"in-experts\">\n                <i class=\"fa fa-linkedin\"><\/i>\n              <\/a>\n                    <\/div> <!-- end expert img container -->          \n        <div class=\"clearfix\"><\/div>\n        <h4 class=\"\">Levy Kumpel<\/h4>\n        <div class=\"job-experts\">Products Manager<\/div>\n        <div class=\"description-experts\"><\/div>\n      <\/div><!-- end item -->\n      \n      <div class=\"item item-experts text-center\">\n        <div class=\"expert-img-container\">\n            <div class=\"avatar\">\n              <img loading=\"lazy\" decoding=\"async\" width=\"1706\" height=\"1934\" src=\"https:\/\/afridisk.com\/wp-content\/uploads\/2016\/06\/Photo-1-e1732812339311.jpg\" class=\"img-responsive wp-post-image\" alt=\"\" srcset=\"https:\/\/afridisk.com\/wp-content\/uploads\/2016\/06\/Photo-1-e1732812339311.jpg 1706w, https:\/\/afridisk.com\/wp-content\/uploads\/2016\/06\/Photo-1-e1732812339311-265x300.jpg 265w, https:\/\/afridisk.com\/wp-content\/uploads\/2016\/06\/Photo-1-e1732812339311-903x1024.jpg 903w, https:\/\/afridisk.com\/wp-content\/uploads\/2016\/06\/Photo-1-e1732812339311-768x871.jpg 768w, https:\/\/afridisk.com\/wp-content\/uploads\/2016\/06\/Photo-1-e1732812339311-1355x1536.jpg 1355w, https:\/\/afridisk.com\/wp-content\/uploads\/2016\/06\/Photo-1-e1732812339311-600x680.jpg 600w\" sizes=\"auto, (max-width: 1706px) 100vw, 1706px\" \/>            <\/div>\n                          <a href=\"http:\/\/linkedin.com\" class=\"in-experts\">\n                <i class=\"fa fa-linkedin\"><\/i>\n              <\/a>\n                    <\/div> <!-- end expert img container -->          \n        <div class=\"clearfix\"><\/div>\n        <h4 class=\"\">Kevin Musepu<\/h4>\n        <div class=\"job-experts\">Responsable du marketing digital<\/div>\n        <div class=\"description-experts\"><\/div>\n      <\/div><!-- end item -->\n          <\/div>\n\n[\/vc_column][\/vc_row][vc_row css=&#8221;.vc_custom_1466567792806{padding-top: 0px !important;padding-bottom: 0px !important;background-color: #f8f8f8 !important;}&#8221;][vc_column][\/vc_column][\/vc_row]<\/p>\n<\/div>","protected":false},"excerpt":{"rendered":"<p>[vc_row][vc_column width=&#8221;1\/2&#8243;][\/vc_column][vc_column width=&#8221;1\/2&#8243; el_class=&#8221;text-left&#8221;][vc_column_text css=&#8221;.vc_custom_1732887319318{margin-bottom: 0px !important;}&#8221;]Nous sommes une entreprise jeune mais forte et solidement b\u00e2tie. Notre vision est de prendre le leadership du secteur num\u00e9rique en Afrique et de compter parmi les plus grandes entreprises de ce secteur dans le monde. Nous r\u00e9fl\u00e9chissons aux probl\u00e8mes de la soci\u00e9t\u00e9 et trouvons des solutions digitales adapt\u00e9es [&hellip;]<\/p>\n","protected":false},"author":1,"featured_media":990,"parent":0,"menu_order":0,"comment_status":"closed","ping_status":"closed","template":"page-templates\/template-fullwidth.php","meta":{"footnotes":""},"class_list":["post-843","page","type-page","status-publish","has-post-thumbnail","hentry"],"_links":{"self":[{"href":"https:\/\/afridisk.com\/index.php?rest_route=\/wp\/v2\/pages\/843","targetHints":{"allow":["GET"]}}],"collection":[{"href":"https:\/\/afridisk.com\/index.php?rest_route=\/wp\/v2\/pages"}],"about":[{"href":"https:\/\/afridisk.com\/index.php?rest_route=\/wp\/v2\/types\/page"}],"author":[{"embeddable":true,"href":"https:\/\/afridisk.com\/index.php?rest_route=\/wp\/v2\/users\/1"}],"replies":[{"embeddable":true,"href":"https:\/\/afridisk.com\/index.php?rest_route=%2Fwp%2Fv2%2Fcomments&post=843"}],"version-history":[{"count":5,"href":"https:\/\/afridisk.com\/index.php?rest_route=\/wp\/v2\/pages\/843\/revisions"}],"predecessor-version":[{"id":1050,"href":"https:\/\/afridisk.com\/index.php?rest_route=\/wp\/v2\/pages\/843\/revisions\/1050"}],"wp:featuredmedia":[{"embeddable":true,"href":"https:\/\/afridisk.com\/index.php?rest_route=\/wp\/v2\/media\/990"}],"wp:attachment":[{"href":"https:\/\/afridisk.com\/index.php?rest_route=%2Fwp%2Fv2%2Fmedia&parent=843"}],"curies":[{"name":"wp","href":"https:\/\/api.w.org\/{rel}","templated":true}]}}