{"id":366,"date":"2016-06-22T10:35:26","date_gmt":"2016-06-22T10:35:26","guid":{"rendered":"http:\/\/demo.thememodern.com\/finance\/?page_id=366"},"modified":"2024-11-29T19:17:39","modified_gmt":"2024-11-29T19:17:39","slug":"testimonials","status":"publish","type":"page","link":"https:\/\/afridisk.com\/?page_id=366","title":{"rendered":"T\u00e9moignages"},"content":{"rendered":"<div class=\"wpb-content-wrapper\"><p>[vc_row css=&#8221;.vc_custom_1466650897947{background-color: #f8f8f8 !important;}&#8221;][vc_column]\n  <h3 style=\"\" > Testimonials 3 Columns<\/h3>\n\n    <div class=\"testimonial-3-colum-demo\">\n\n        \n        <div class=\"col-sm-6 col-md-4\">\n\n          <div class=\"item item-testimonials-3-columns text-left\">\n\n              <p class=\"quote-icon\">\u201c<\/p>\n\n              <p>J&#8217;ai eu la b\u00e9n\u00e9diction de participer aux discussions sur le d\u00e9veloppement de l&#8217;application Afripro. C&#8217;est g\u00e9nial de voir une id\u00e9e devenir une r\u00e9alit\u00e9. J&#8217;utilise Afripro. Elle est install\u00e9e dans mon t\u00e9l\u00e9phone. Pour moi, c&#8217;est une partie de l&#8217;histoire de ma vie. J&#8217;ai \u00e9galement vu la conception de AfriSAFE et son d\u00e9veloppement. J&#8217;ai aussi vu la cr\u00e9ation de la soci\u00e9t\u00e9 Afridisk. J&#8217;ai fait des courses pour la soci\u00e9t\u00e9 pour obtenir les documents au guichet unique de cr\u00e9ation d&#8217;entreprise. C&#8217;est g\u00e9nial de voir la croissance d&#8217;Afridisk et la r\u00e9silience de son directeur g\u00e9n\u00e9ral ainsi que de toute son \u00e9quipe.<\/p>\n\n              <div class=\"avatar-testimonials-3-columns\">\n\n                \n              <\/div>\n\n              <h4 class=\"name-testimonials-3-columns\">Estrella Kitoko<\/h4>\n\n              <span class=\"job-testimonials-3-columns\">Directrice G\u00e9n\u00e9rale et Fondatrice de Suki Ets.<\/span>\n\n          <\/div><!-- end item -->\n\n        <\/div>\n\n\n\n    \n        <div class=\"col-sm-6 col-md-4\">\n\n          <div class=\"item item-testimonials-3-columns text-left\">\n\n              <p class=\"quote-icon\">\u201c<\/p>\n\n              <p>J&#8217;ai particip\u00e9 dans le d\u00e9veloppement de l&#8217;application Afripro en tant qu&#8217;infographe. J&#8217;ai cr\u00e9\u00e9 la plupart des images qui se trouvent dans l&#8217;application ou dans les brochures. Je suis fier de voir Afripro devenir une r\u00e9alit\u00e9 efficace. La r\u00e9silience et le leadership de monsieur Aim\u00e9 sont remarquables. Il y a eu des d\u00e9fis \u00e9normes qu&#8217;il a pu\u00a0 surmonter.<\/p>\n\n              <div class=\"avatar-testimonials-3-columns\">\n\n                \n              <\/div>\n\n              <h4 class=\"name-testimonials-3-columns\">Rodrigue Kabuya<\/h4>\n\n              <span class=\"job-testimonials-3-columns\">Consultant chez Service Humanitaire EJCSDJ<\/span>\n\n          <\/div><!-- end item -->\n\n        <\/div>\n\n\n\n    \n        <div class=\"col-sm-6 col-md-4\">\n\n          <div class=\"item item-testimonials-3-columns text-left\">\n\n              <p class=\"quote-icon\">\u201c<\/p>\n\n              <p>Afripro est une application tr\u00e8s pratique et qui nous facilite la vie. La soci\u00e9t\u00e9 Afridisk est une premi\u00e8re de son genre ici en RDC qui a une vision de devenir une g\u00e9ante voire une multinationale dans le secteur num\u00e9rique. Je suis fi\u00e8re de voir des jeunes congolais poursuivre une vision aussi noble.<\/p>\n\n              <div class=\"avatar-testimonials-3-columns\">\n\n                \n              <\/div>\n\n              <h4 class=\"name-testimonials-3-columns\">D\u00e9borah Musanza<\/h4>\n\n              <span class=\"job-testimonials-3-columns\">Cliente et ancienne employ\u00e9e<\/span>\n\n          <\/div><!-- end item -->\n\n        <\/div>\n\n\n\n    \n        <div class=\"col-sm-6 col-md-4\">\n\n          <div class=\"item item-testimonials-3-columns text-left\">\n\n              <p class=\"quote-icon\">\u201c<\/p>\n\n              <p>La soci\u00e9t\u00e9 Afridisk est une g\u00e9ante mondiale en devenir. Ce n&#8217;est qu&#8217;une question de quelques ann\u00e9es. La d\u00e9termination de monsieur Aim\u00e9 Mbuyi dans la poursuite de sa vision me le rassure. Les produits digitaux\u00a0 Afripro, Afrisafe, Afripro auto et les autres plateformes num\u00e9riques qu&#8217;ils mettent en place sont des bombes financi\u00e8res.<\/p>\n\n              <div class=\"avatar-testimonials-3-columns\">\n\n                \n              <\/div>\n\n              <h4 class=\"name-testimonials-3-columns\">Jean Paul Kalubi<\/h4>\n\n              <span class=\"job-testimonials-3-columns\">Project Manager chez Eglise de J\u00e9sus-Christ des Saints des Derniers Jours<\/span>\n\n          <\/div><!-- end item -->\n\n        <\/div>\n\n\n\n    \n        <div class=\"col-sm-6 col-md-4\">\n\n          <div class=\"item item-testimonials-3-columns text-left\">\n\n              <p class=\"quote-icon\">\u201c<\/p>\n\n              <p>Afridisk c&#8217;est la fiert\u00e9 de la RDC. J&#8217;utilise Afripro et j&#8217;ai h\u00e2te d&#8217;utiliser Afrisafe. Je suis fier de voir des jeunes mettre en place une soci\u00e9t\u00e9 aussi cr\u00e9ative.<\/p>\n\n              <div class=\"avatar-testimonials-3-columns\">\n\n                \n              <\/div>\n\n              <h4 class=\"name-testimonials-3-columns\">Jos\u00e9 Pinto<\/h4>\n\n              <span class=\"job-testimonials-3-columns\">Assistant technique de direction chez Afridisk<\/span>\n\n          <\/div><!-- end item -->\n\n        <\/div>\n\n\n\n    \n        <div class=\"col-sm-6 col-md-4\">\n\n          <div class=\"item item-testimonials-3-columns text-left\">\n\n              <p class=\"quote-icon\">\u201c<\/p>\n\n              <p>Je connais Aim\u00e9 Mbuyi en tant qu&#8217;\u00e9tudiant \u00e0 la facult\u00e9 de polytechnique de l&#8217;universit\u00e9 de Kinshasa. C&#8217;\u00e9tait un gar\u00e7on tr\u00e8s courageux et qui n&#8217;avait pas peur de faire face aux d\u00e9fis. De dipl\u00f4m\u00e9 d&#8217;Etat de l&#8217;option commerciale et administrative au brillant \u00e9tudiant \u00e0 la facult\u00e9 de polytechnique, Aim\u00e9 avait d\u00e9montr\u00e9 d\u00e9j\u00e0 ses capacit\u00e9s \u00e0 affronter de grands d\u00e9fis avec plaisir et \u00e0 n&#8217;\u00e9pargner aucun effort pour les relever. Il m&#8217;avait parl\u00e9 de sa vision en rapport avec Afripro. Je l&#8217;ai vu transformer ses id\u00e9es en r\u00e9alit\u00e9s dans un environnement aussi pauvre num\u00e9riquement qu&#8217;est la RDC. C&#8217;est un homme sp\u00e9cial. Il fera de grandes choses \u00e0 l&#8217;avenir. C&#8217;est ce que me rassure sa capacit\u00e9 \u00e0 entreprendre des choses que beaucoup trouveraient irr\u00e9alisables. Afridisk est donc une grande entreprise en devenir.<\/p>\n\n              <div class=\"avatar-testimonials-3-columns\">\n\n                \n              <\/div>\n\n              <h4 class=\"name-testimonials-3-columns\">Guelor Munenua<\/h4>\n\n              <span class=\"job-testimonials-3-columns\">Client<\/span>\n\n          <\/div><!-- end item -->\n\n        <\/div>\n\n\n\n    \n        <div class=\"col-sm-6 col-md-4\">\n\n          <div class=\"item item-testimonials-3-columns text-left\">\n\n              <p class=\"quote-icon\">\u201c<\/p>\n\n              <p>Aim\u00e9 Junior le fondateur d&#8217;Afridisk c&#8217;est mon ami d&#8217;enfance. Nous avons \u00e9tudi\u00e9 ensemble au complexe scolaire Budikadidi \u00e0 Tshikapa. C&#8217;\u00e9tait un internat. C&#8217;\u00e9tait l&#8217;\u00e9l\u00e8ve le plus intelligent de l&#8217;\u00e9cole et je pense que personne n&#8217;a battu son record apr\u00e8s lui. Non seulement Aim\u00e9 \u00e9tait un \u00e9l\u00e8ve exceptionnellement intelligent, il \u00e9tait \u00e9galement courageux. Il re\u00e7ut le surnom de Lumumba \u00e0 l&#8217;internat pour son courage \u00e0 d\u00e9fendre les \u00e9l\u00e8ves de sa classe dont il fut le chef au prix d&#8217;\u00eatre puni \u00e0 leur place sans jamais d\u00e9voiler les vrais r\u00e9calcitrants. Je ne suis pas \u00e9tonn\u00e9 de voir ce qu&#8217;il r\u00e9alise aujourd&#8217;hui. Je suis fier de lui. Je sais qu&#8217;il a encore beaucoup de surprises \u00e0 nous faire d\u00e9couvrir. C&#8217;est un homme sp\u00e9cial.<\/p>\n\n              <div class=\"avatar-testimonials-3-columns\">\n\n                \n              <\/div>\n\n              <h4 class=\"name-testimonials-3-columns\">Giscard Kabasele<\/h4>\n\n              <span class=\"job-testimonials-3-columns\">Actionnaire dans Afridisk<\/span>\n\n          <\/div><!-- end item -->\n\n        <\/div>\n\n\n\n    \n        <div class=\"col-sm-6 col-md-4\">\n\n          <div class=\"item item-testimonials-3-columns text-left\">\n\n              <p class=\"quote-icon\">\u201c<\/p>\n\n              <p>Je suis reconnaissant d&#8217;avoir fait partie de l&#8217;\u00e9quipe de d\u00e9veloppement d&#8217;Afripro pendant une p\u00e9riode. Nous avions commenc\u00e9 avec l&#8217;\u00e9tude du d\u00e9veloppement de l&#8217;application Afridisk qui est la premi\u00e8re id\u00e9e d&#8217;application mobile que monsieur Aim\u00e9 avait con\u00e7ue. Il r\u00e9unit une \u00e9quipe qui avoua \u00eatre incapable de d\u00e9velopper Afridisk. Face \u00e0 plusieurs d\u00e9fis, monsieur Aim\u00e9 Mbuyi entreprit une d\u00e9marche qui nous surprit tous et qui conduisit \u00e0 la conception et au d\u00e9veloppement d&#8217;Afripro, AfriSAFE et Afripro auto en vue de parvenir un jour \u00e0 d\u00e9velopper Afridisk. Sa d\u00e9termination est hors du commun. Je suis certain qu&#8217;Afridisk sera une grande soci\u00e9t\u00e9 \u00e0 l&#8217;\u00e9chelle mondiale.<\/p>\n\n              <div class=\"avatar-testimonials-3-columns\">\n\n                \n              <\/div>\n\n              <h4 class=\"name-testimonials-3-columns\">Celeste Lendo<\/h4>\n\n              <span class=\"job-testimonials-3-columns\">Client et ancien employ\u00e9<\/span>\n\n          <\/div><!-- end item -->\n\n        <\/div>\n\n\n\n    \n    \n    <\/div>\n\n  [\/vc_column][\/vc_row][vc_row][vc_column]\n  <h3 style=\"\" > Testimonials 2 Columns<\/h3>\n\n    <div class=\"testimonial-3-colum-demo\">\n\n        \n        <div class=\"col-sm-6\">\n\n          <div class=\"item item-testimonials-3-columns text-left\">\n\n              <p class=\"quote-icon\">\u201c<\/p>\n\n              <p>J&#8217;ai eu la b\u00e9n\u00e9diction de participer aux discussions sur le d\u00e9veloppement de l&#8217;application Afripro. C&#8217;est g\u00e9nial de voir une id\u00e9e devenir une r\u00e9alit\u00e9. J&#8217;utilise Afripro. Elle est install\u00e9e dans mon t\u00e9l\u00e9phone. Pour moi, c&#8217;est une partie de l&#8217;histoire de ma vie. J&#8217;ai \u00e9galement vu la conception de AfriSAFE et son d\u00e9veloppement. J&#8217;ai aussi vu la cr\u00e9ation de la soci\u00e9t\u00e9 Afridisk. J&#8217;ai fait des courses pour la soci\u00e9t\u00e9 pour obtenir les documents au guichet unique de cr\u00e9ation d&#8217;entreprise. C&#8217;est g\u00e9nial de voir la croissance d&#8217;Afridisk et la r\u00e9silience de son directeur g\u00e9n\u00e9ral ainsi que de toute son \u00e9quipe.<\/p>\n\n              <div class=\"avatar-testimonials-3-columns\">\n\n                \n              <\/div>\n\n              <h4 class=\"name-testimonials-3-columns\">Estrella Kitoko<\/h4>\n\n              <span class=\"job-testimonials-3-columns\">Directrice G\u00e9n\u00e9rale et Fondatrice de Suki Ets.<\/span>\n\n          <\/div><!-- end item -->\n\n        <\/div>\n\n\n\n    \n        <div class=\"col-sm-6\">\n\n          <div class=\"item item-testimonials-3-columns text-left\">\n\n              <p class=\"quote-icon\">\u201c<\/p>\n\n              <p>J&#8217;ai particip\u00e9 dans le d\u00e9veloppement de l&#8217;application Afripro en tant qu&#8217;infographe. J&#8217;ai cr\u00e9\u00e9 la plupart des images qui se trouvent dans l&#8217;application ou dans les brochures. Je suis fier de voir Afripro devenir une r\u00e9alit\u00e9 efficace. La r\u00e9silience et le leadership de monsieur Aim\u00e9 sont remarquables. Il y a eu des d\u00e9fis \u00e9normes qu&#8217;il a pu\u00a0 surmonter.<\/p>\n\n              <div class=\"avatar-testimonials-3-columns\">\n\n                \n              <\/div>\n\n              <h4 class=\"name-testimonials-3-columns\">Rodrigue Kabuya<\/h4>\n\n              <span class=\"job-testimonials-3-columns\">Consultant chez Service Humanitaire EJCSDJ<\/span>\n\n          <\/div><!-- end item -->\n\n        <\/div>\n\n\n\n    \n        <div class=\"col-sm-6\">\n\n          <div class=\"item item-testimonials-3-columns text-left\">\n\n              <p class=\"quote-icon\">\u201c<\/p>\n\n              <p>Afripro est une application tr\u00e8s pratique et qui nous facilite la vie. La soci\u00e9t\u00e9 Afridisk est une premi\u00e8re de son genre ici en RDC qui a une vision de devenir une g\u00e9ante voire une multinationale dans le secteur num\u00e9rique. Je suis fi\u00e8re de voir des jeunes congolais poursuivre une vision aussi noble.<\/p>\n\n              <div class=\"avatar-testimonials-3-columns\">\n\n                \n              <\/div>\n\n              <h4 class=\"name-testimonials-3-columns\">D\u00e9borah Musanza<\/h4>\n\n              <span class=\"job-testimonials-3-columns\">Cliente et ancienne employ\u00e9e<\/span>\n\n          <\/div><!-- end item -->\n\n        <\/div>\n\n\n\n    \n        <div class=\"col-sm-6\">\n\n          <div class=\"item item-testimonials-3-columns text-left\">\n\n              <p class=\"quote-icon\">\u201c<\/p>\n\n              <p>La soci\u00e9t\u00e9 Afridisk est une g\u00e9ante mondiale en devenir. Ce n&#8217;est qu&#8217;une question de quelques ann\u00e9es. La d\u00e9termination de monsieur Aim\u00e9 Mbuyi dans la poursuite de sa vision me le rassure. Les produits digitaux\u00a0 Afripro, Afrisafe, Afripro auto et les autres plateformes num\u00e9riques qu&#8217;ils mettent en place sont des bombes financi\u00e8res.<\/p>\n\n              <div class=\"avatar-testimonials-3-columns\">\n\n                \n              <\/div>\n\n              <h4 class=\"name-testimonials-3-columns\">Jean Paul Kalubi<\/h4>\n\n              <span class=\"job-testimonials-3-columns\">Project Manager chez Eglise de J\u00e9sus-Christ des Saints des Derniers Jours<\/span>\n\n          <\/div><!-- end item -->\n\n        <\/div>\n\n\n\n    \n        <div class=\"col-sm-6\">\n\n          <div class=\"item item-testimonials-3-columns text-left\">\n\n              <p class=\"quote-icon\">\u201c<\/p>\n\n              <p>Afridisk c&#8217;est la fiert\u00e9 de la RDC. J&#8217;utilise Afripro et j&#8217;ai h\u00e2te d&#8217;utiliser Afrisafe. Je suis fier de voir des jeunes mettre en place une soci\u00e9t\u00e9 aussi cr\u00e9ative.<\/p>\n\n              <div class=\"avatar-testimonials-3-columns\">\n\n                \n              <\/div>\n\n              <h4 class=\"name-testimonials-3-columns\">Jos\u00e9 Pinto<\/h4>\n\n              <span class=\"job-testimonials-3-columns\">Assistant technique de direction chez Afridisk<\/span>\n\n          <\/div><!-- end item -->\n\n        <\/div>\n\n\n\n    \n        <div class=\"col-sm-6\">\n\n          <div class=\"item item-testimonials-3-columns text-left\">\n\n              <p class=\"quote-icon\">\u201c<\/p>\n\n              <p>Je connais Aim\u00e9 Mbuyi en tant qu&#8217;\u00e9tudiant \u00e0 la facult\u00e9 de polytechnique de l&#8217;universit\u00e9 de Kinshasa. C&#8217;\u00e9tait un gar\u00e7on tr\u00e8s courageux et qui n&#8217;avait pas peur de faire face aux d\u00e9fis. De dipl\u00f4m\u00e9 d&#8217;Etat de l&#8217;option commerciale et administrative au brillant \u00e9tudiant \u00e0 la facult\u00e9 de polytechnique, Aim\u00e9 avait d\u00e9montr\u00e9 d\u00e9j\u00e0 ses capacit\u00e9s \u00e0 affronter de grands d\u00e9fis avec plaisir et \u00e0 n&#8217;\u00e9pargner aucun effort pour les relever. Il m&#8217;avait parl\u00e9 de sa vision en rapport avec Afripro. Je l&#8217;ai vu transformer ses id\u00e9es en r\u00e9alit\u00e9s dans un environnement aussi pauvre num\u00e9riquement qu&#8217;est la RDC. C&#8217;est un homme sp\u00e9cial. Il fera de grandes choses \u00e0 l&#8217;avenir. C&#8217;est ce que me rassure sa capacit\u00e9 \u00e0 entreprendre des choses que beaucoup trouveraient irr\u00e9alisables. Afridisk est donc une grande entreprise en devenir.<\/p>\n\n              <div class=\"avatar-testimonials-3-columns\">\n\n                \n              <\/div>\n\n              <h4 class=\"name-testimonials-3-columns\">Guelor Munenua<\/h4>\n\n              <span class=\"job-testimonials-3-columns\">Client<\/span>\n\n          <\/div><!-- end item -->\n\n        <\/div>\n\n\n\n    \n        <div class=\"col-sm-6\">\n\n          <div class=\"item item-testimonials-3-columns text-left\">\n\n              <p class=\"quote-icon\">\u201c<\/p>\n\n              <p>Aim\u00e9 Junior le fondateur d&#8217;Afridisk c&#8217;est mon ami d&#8217;enfance. Nous avons \u00e9tudi\u00e9 ensemble au complexe scolaire Budikadidi \u00e0 Tshikapa. C&#8217;\u00e9tait un internat. C&#8217;\u00e9tait l&#8217;\u00e9l\u00e8ve le plus intelligent de l&#8217;\u00e9cole et je pense que personne n&#8217;a battu son record apr\u00e8s lui. Non seulement Aim\u00e9 \u00e9tait un \u00e9l\u00e8ve exceptionnellement intelligent, il \u00e9tait \u00e9galement courageux. Il re\u00e7ut le surnom de Lumumba \u00e0 l&#8217;internat pour son courage \u00e0 d\u00e9fendre les \u00e9l\u00e8ves de sa classe dont il fut le chef au prix d&#8217;\u00eatre puni \u00e0 leur place sans jamais d\u00e9voiler les vrais r\u00e9calcitrants. Je ne suis pas \u00e9tonn\u00e9 de voir ce qu&#8217;il r\u00e9alise aujourd&#8217;hui. Je suis fier de lui. Je sais qu&#8217;il a encore beaucoup de surprises \u00e0 nous faire d\u00e9couvrir. C&#8217;est un homme sp\u00e9cial.<\/p>\n\n              <div class=\"avatar-testimonials-3-columns\">\n\n                \n              <\/div>\n\n              <h4 class=\"name-testimonials-3-columns\">Giscard Kabasele<\/h4>\n\n              <span class=\"job-testimonials-3-columns\">Actionnaire dans Afridisk<\/span>\n\n          <\/div><!-- end item -->\n\n        <\/div>\n\n\n\n    \n        <div class=\"col-sm-6\">\n\n          <div class=\"item item-testimonials-3-columns text-left\">\n\n              <p class=\"quote-icon\">\u201c<\/p>\n\n              <p>Je suis reconnaissant d&#8217;avoir fait partie de l&#8217;\u00e9quipe de d\u00e9veloppement d&#8217;Afripro pendant une p\u00e9riode. Nous avions commenc\u00e9 avec l&#8217;\u00e9tude du d\u00e9veloppement de l&#8217;application Afridisk qui est la premi\u00e8re id\u00e9e d&#8217;application mobile que monsieur Aim\u00e9 avait con\u00e7ue. Il r\u00e9unit une \u00e9quipe qui avoua \u00eatre incapable de d\u00e9velopper Afridisk. Face \u00e0 plusieurs d\u00e9fis, monsieur Aim\u00e9 Mbuyi entreprit une d\u00e9marche qui nous surprit tous et qui conduisit \u00e0 la conception et au d\u00e9veloppement d&#8217;Afripro, AfriSAFE et Afripro auto en vue de parvenir un jour \u00e0 d\u00e9velopper Afridisk. Sa d\u00e9termination est hors du commun. Je suis certain qu&#8217;Afridisk sera une grande soci\u00e9t\u00e9 \u00e0 l&#8217;\u00e9chelle mondiale.<\/p>\n\n              <div class=\"avatar-testimonials-3-columns\">\n\n                \n              <\/div>\n\n              <h4 class=\"name-testimonials-3-columns\">Celeste Lendo<\/h4>\n\n              <span class=\"job-testimonials-3-columns\">Client et ancien employ\u00e9<\/span>\n\n          <\/div><!-- end item -->\n\n        <\/div>\n\n\n\n    \n    \n    <\/div>\n\n  [\/vc_column][\/vc_row][vc_row css=&#8221;.vc_custom_1466650857633{padding-top: 0px !important;padding-bottom: 0px !important;background-color: #f8f8f8 !important;}&#8221;][vc_column]    <div class=\"quote-warp\">\n      <div class=\"quote-text\">\n        <h2>We focus on advice consulting business financials          <a data-gal=\"m_PageScroll2id\" data-ps2id-offset=\"78\" class=\"ot-btn large-btn btn-rounded btn-hightlight-color\" href=\"#\" title=\"Get A Quote\" target=\"_self\">Get A Quote<\/a>        <\/h2>        \n      <\/div>\n    <\/div>\n[\/vc_column][\/vc_row]<\/p>\n<\/div>","protected":false},"excerpt":{"rendered":"<p>[vc_row css=&#8221;.vc_custom_1466650897947{background-color: #f8f8f8 !important;}&#8221;][vc_column][\/vc_column][\/vc_row][vc_row][vc_column][\/vc_column][\/vc_row][vc_row css=&#8221;.vc_custom_1466650857633{padding-top: 0px !important;padding-bottom: 0px !important;background-color: #f8f8f8 !important;}&#8221;][vc_column][\/vc_column][\/vc_row]<\/p>\n","protected":false},"author":1,"featured_media":0,"parent":0,"menu_order":0,"comment_status":"closed","ping_status":"closed","template":"page-templates\/template-fullwidth.php","meta":{"footnotes":""},"class_list":["post-366","page","type-page","status-publish","hentry"],"_links":{"self":[{"href":"https:\/\/afridisk.com\/index.php?rest_route=\/wp\/v2\/pages\/366","targetHints":{"allow":["GET"]}}],"collection":[{"href":"https:\/\/afridisk.com\/index.php?rest_route=\/wp\/v2\/pages"}],"about":[{"href":"https:\/\/afridisk.com\/index.php?rest_route=\/wp\/v2\/types\/page"}],"author":[{"embeddable":true,"href":"https:\/\/afridisk.com\/index.php?rest_route=\/wp\/v2\/users\/1"}],"replies":[{"embeddable":true,"href":"https:\/\/afridisk.com\/index.php?rest_route=%2Fwp%2Fv2%2Fcomments&post=366"}],"version-history":[{"count":2,"href":"https:\/\/afridisk.com\/index.php?rest_route=\/wp\/v2\/pages\/366\/revisions"}],"predecessor-version":[{"id":1008,"href":"https:\/\/afridisk.com\/index.php?rest_route=\/wp\/v2\/pages\/366\/revisions\/1008"}],"wp:attachment":[{"href":"https:\/\/afridisk.com\/index.php?rest_route=%2Fwp%2Fv2%2Fmedia&parent=366"}],"curies":[{"name":"wp","href":"https:\/\/api.w.org\/{rel}","templated":true}]}}