{"id":338,"date":"2016-06-22T07:40:05","date_gmt":"2016-06-22T07:40:05","guid":{"rendered":"http:\/\/demo.thememodern.com\/finance\/?page_id=338"},"modified":"2024-12-05T18:18:35","modified_gmt":"2024-12-05T18:18:35","slug":"contact-us-3","status":"publish","type":"page","link":"https:\/\/afridisk.com\/?page_id=338","title":{"rendered":"Contactez-nous"},"content":{"rendered":"<div class=\"wpb-content-wrapper\"><p>[vc_row css=&#8221;.vc_custom_1733417046083{margin-bottom: 0px !important;border-bottom-width: 0px !important;padding-top: 0px !important;padding-bottom: 0px !important;}&#8221;][vc_column width=&#8221;1\/2&#8243; css=&#8221;.vc_custom_1466585888193{border-right-width: 1px !important;padding-top: 50px !important;padding-right: 34px !important;border-right-color: #ebebeb !important;border-right-style: solid !important;}&#8221;]\n  <h3 style=\"\" > Coordonn\u00e9es<\/h3>\n[vc_column_text css=&#8221;&#8221;]Nous sommes toujours pr\u00eats \u00e0 vous aider. Il existe de nombreuses fa\u00e7ons de nous contacter. Vous pouvez nous \u00e9crire, nous appeler ou nous envoyer un e-mail, choisissez ce qui vous convient le mieux.<\/p>\n<ul class=\"address-3\">\n<li><strong>Adresse:<\/strong> 2, Avenue Banana, Kintambo, Kinshasa, RDC<\/li>\n<li><strong>T\u00e9l\u00e9phone:<\/strong> (+243)840404784<\/li>\n<li><strong>E-mail:<\/strong> contact@afridisk.com<\/li>\n<li><strong>Heures d&#8217;ouverture:<\/strong> Lundi-Vendredi 09:00 &#8211; 17:00<\/li>\n<\/ul>\n<p>[\/vc_column_text][\/vc_column][vc_column width=&#8221;1\/2&#8243;][vc_empty_space height=&#8221;50px&#8221;]\n  <h3 style=\"margin-bottom: 42px;\" > Envoyez-nous un message<\/h3>\n\n<div class=\"wpcf7 no-js\" id=\"wpcf7-f332-o1\" lang=\"en-US\" dir=\"ltr\">\n<div class=\"screen-reader-response\"><p role=\"status\" aria-live=\"polite\" aria-atomic=\"true\"><\/p> <ul><\/ul><\/div>\n<form action=\"\/index.php?rest_route=%2Fwp%2Fv2%2Fpages%2F338#wpcf7-f332-o1\" method=\"post\" class=\"wpcf7-form init\" aria-label=\"Contact form\" novalidate=\"novalidate\" data-status=\"init\">\n<div style=\"display: none;\">\n<input type=\"hidden\" name=\"_wpcf7\" value=\"332\" \/>\n<input type=\"hidden\" name=\"_wpcf7_version\" value=\"5.9.8\" \/>\n<input type=\"hidden\" name=\"_wpcf7_locale\" value=\"en_US\" \/>\n<input type=\"hidden\" name=\"_wpcf7_unit_tag\" value=\"wpcf7-f332-o1\" \/>\n<input type=\"hidden\" name=\"_wpcf7_container_post\" value=\"0\" \/>\n<input type=\"hidden\" name=\"_wpcf7_posted_data_hash\" value=\"\" \/>\n<\/div>\n<div class=\"form-contact-2\">\n\t<div class=\"row\">\n\t\t<div class=\"form-group col-sm-12  \">\n\t\t\t<p><span class=\"wpcf7-form-control-wrap\" data-name=\"yourName\"><input size=\"40\" maxlength=\"400\" class=\"wpcf7-form-control wpcf7-text wpcf7-validates-as-required form-control\" id=\"yourName\" aria-required=\"true\" aria-invalid=\"false\" placeholder=\"Your Name\" value=\"\" type=\"text\" name=\"yourName\" \/><\/span>\n\t\t\t<\/p>\n\t\t<\/div>\n\t\t<div class=\"form-group col-sm-12 \">\n\t\t\t<p><span class=\"wpcf7-form-control-wrap\" data-name=\"yourEmail\"><input size=\"40\" maxlength=\"400\" class=\"wpcf7-form-control wpcf7-email wpcf7-validates-as-required wpcf7-text wpcf7-validates-as-email form-control\" id=\"yourEmail\" aria-required=\"true\" aria-invalid=\"false\" placeholder=\"Your Email\" value=\"\" type=\"email\" name=\"yourEmail\" \/><\/span>\n\t\t\t<\/p>\n\t\t<\/div>\n\t\t<div class=\"form-group col-sm-12 \">\n\t\t\t<p><span class=\"wpcf7-form-control-wrap\" data-name=\"yourPhone\"><input size=\"40\" maxlength=\"400\" class=\"wpcf7-form-control wpcf7-text wpcf7-validates-as-required form-control\" id=\"yourPhone\" aria-required=\"true\" aria-invalid=\"false\" placeholder=\"Phone Number\" value=\"\" type=\"text\" name=\"yourPhone\" \/><\/span>\n\t\t\t<\/p>\n\t\t<\/div>\n\t<\/div>\n\t<div class=\"input-content\">\n\t\t<div class=\"form-group form-textarea\">\n\t\t\t<p><span class=\"wpcf7-form-control-wrap\" data-name=\"comments\"><textarea cols=\"40\" rows=\"6\" maxlength=\"2000\" class=\"wpcf7-form-control wpcf7-textarea wpcf7-validates-as-required form-control\" id=\"textarea\" aria-required=\"true\" aria-invalid=\"false\" placeholder=\"Your Messages\" name=\"comments\"><\/textarea><\/span>\n\t\t\t<\/p>\n\t\t<\/div>\n\t<\/div>\n\t<p><input class=\"wpcf7-form-control wpcf7-submit has-spinner ot-btn large-btn btn-rounded btn-main-color btn-submit\" type=\"submit\" value=\"Send Mail\" \/>\n\t<\/p>\n<\/div><div class=\"wpcf7-response-output\" aria-hidden=\"true\"><\/div>\n<\/form>\n<\/div>\n[\/vc_column][\/vc_row][vc_row css=&#8221;.vc_custom_1733422679356{margin-top: 0px !important;margin-bottom: 0px !important;border-top-width: 0px !important;border-bottom-width: 0px !important;padding-top: 0px !important;padding-bottom: 0px !important;}&#8221;][vc_column css=&#8221;.vc_custom_1733422662537{margin-top: 0px !important;margin-bottom: 0px !important;border-top-width: 0px !important;border-bottom-width: 0px !important;padding-top: 0px !important;padding-bottom: 0px !important;}&#8221;][vc_gmaps link=&#8221;#E-8_JTNDaWZyYW1lJTIwc3JjJTNEJTIyaHR0cHMlM0ElMkYlMkZ3d3cuZ29vZ2xlLmNvbSUyRm1hcHMlMkZlbWJlZCUzRnBiJTNEJTIxMW0xOCUyMTFtMTIlMjExbTMlMjExZDM5NzguMzUyODk1NzE1NjEzNiUyMTJkMTUuMjY1NTc0NDc0NjY2MjgyJTIxM2QtNC4zNDQ3MDQwNDY2MTcxNTglMjEybTMlMjExZjAlMjEyZjAlMjEzZjAlMjEzbTIlMjExaTEwMjQlMjEyaTc2OCUyMTRmMTMuMSUyMTNtMyUyMTFtMiUyMTFzMHgxYTZhMzEwYTYwNjZlMTUzJTI1M0EweGJhN2I0ZDMwMzdhZTEwZmIlMjEyc1J1ZSUyNTIwRGUlMjUyMEJhbmFuYSUyNTJDJTI1MjBLaW5zaGFzYSUyMTVlMCUyMTNtMiUyMTFzZnIlMjEyc2NkJTIxNHYxNzMzNDE2NTMxOTI4JTIxNW0yJTIxMXNmciUyMTJzY2QlMjIlMjB3aWR0aCUzRCUyMjYwMCUyMiUyMGhlaWdodCUzRCUyMjQ1MCUyMiUyMHN0eWxlJTNEJTIyYm9yZGVyJTNBMCUzQiUyMiUyMGFsbG93ZnVsbHNjcmVlbiUzRCUyMiUyMiUyMGxvYWRpbmclM0QlMjJsYXp5JTIyJTIwcmVmZXJyZXJwb2xpY3klM0QlMjJuby1yZWZlcnJlci13aGVuLWRvd25ncmFkZSUyMiUzRSUzQyUyRmlmcmFtZSUzRQ==&#8221; css=&#8221;&#8221;][\/vc_column][\/vc_row]<\/p>\n<\/div>","protected":false},"excerpt":{"rendered":"<p>[vc_row css=&#8221;.vc_custom_1733417046083{margin-bottom: 0px !important;border-bottom-width: 0px !important;padding-top: 0px !important;padding-bottom: 0px !important;}&#8221;][vc_column width=&#8221;1\/2&#8243; css=&#8221;.vc_custom_1466585888193{border-right-width: 1px !important;padding-top: 50px !important;padding-right: 34px !important;border-right-color: #ebebeb !important;border-right-style: solid !important;}&#8221;][vc_column_text css=&#8221;&#8221;]Nous sommes toujours pr\u00eats \u00e0 vous aider. Il existe de nombreuses fa\u00e7ons de nous contacter. Vous pouvez nous \u00e9crire, nous appeler ou nous envoyer un e-mail, choisissez ce qui vous convient le mieux. [&hellip;]<\/p>\n","protected":false},"author":1,"featured_media":0,"parent":0,"menu_order":0,"comment_status":"closed","ping_status":"closed","template":"page-templates\/template-fullwidth.php","meta":{"footnotes":""},"class_list":["post-338","page","type-page","status-publish","hentry"],"_links":{"self":[{"href":"https:\/\/afridisk.com\/index.php?rest_route=\/wp\/v2\/pages\/338","targetHints":{"allow":["GET"]}}],"collection":[{"href":"https:\/\/afridisk.com\/index.php?rest_route=\/wp\/v2\/pages"}],"about":[{"href":"https:\/\/afridisk.com\/index.php?rest_route=\/wp\/v2\/types\/page"}],"author":[{"embeddable":true,"href":"https:\/\/afridisk.com\/index.php?rest_route=\/wp\/v2\/users\/1"}],"replies":[{"embeddable":true,"href":"https:\/\/afridisk.com\/index.php?rest_route=%2Fwp%2Fv2%2Fcomments&post=338"}],"version-history":[{"count":5,"href":"https:\/\/afridisk.com\/index.php?rest_route=\/wp\/v2\/pages\/338\/revisions"}],"predecessor-version":[{"id":1061,"href":"https:\/\/afridisk.com\/index.php?rest_route=\/wp\/v2\/pages\/338\/revisions\/1061"}],"wp:attachment":[{"href":"https:\/\/afridisk.com\/index.php?rest_route=%2Fwp%2Fv2%2Fmedia&parent=338"}],"curies":[{"name":"wp","href":"https:\/\/api.w.org\/{rel}","templated":true}]}}