{"id":284,"date":"2016-06-21T09:27:42","date_gmt":"2016-06-21T09:27:42","guid":{"rendered":"http:\/\/demo.thememodern.com\/finance\/?page_id=284"},"modified":"2024-12-05T14:48:27","modified_gmt":"2024-12-05T14:48:27","slug":"nos-services","status":"publish","type":"page","link":"https:\/\/afridisk.com\/?page_id=284","title":{"rendered":"Nos Services"},"content":{"rendered":"<div class=\"wpb-content-wrapper\"><p>[vc_row css=&#8221;.vc_custom_1466501928657{padding-top: 50px !important;padding-bottom: 20px !important;}&#8221;][vc_column]    <div class=\"services-list-contain\">\n             <div class=\"item-services\">\n          <div class=\"thumbnail\">\n            <a href=\"https:\/\/afridisk.com\/?service=afripro-aide-menagere\" class=\"services-3-column-img-container\">\n              <img loading=\"lazy\" decoding=\"async\" width=\"320\" height=\"244\" src=\"https:\/\/afridisk.com\/wp-content\/uploads\/2024\/10\/IMG_6265.jpg\" class=\"attachment-post-thumbnail size-post-thumbnail wp-post-image\" alt=\"\" srcset=\"https:\/\/afridisk.com\/wp-content\/uploads\/2024\/10\/IMG_6265.jpg 320w, https:\/\/afridisk.com\/wp-content\/uploads\/2024\/10\/IMG_6265-300x229.jpg 300w\" sizes=\"auto, (max-width: 320px) 100vw, 320px\" \/>              <h4>Afripro Aide-m\u00e9nag\u00e8re<\/h4>\n            <\/a>\n            <div class=\"caption\">\n\t\t\t\t<p>Afripro Aide-m\u00e9nag\u00e8re met \u00e0 votre disposition des aide-m\u00e9nag\u00e8res  form\u00e9s et disciplin\u00e9s<\/p>\n\t\t\t\t\t\t\t\t\t<a class=\"learn-more\" href=\"https:\/\/afridisk.com\">Learn More <i aria-hidden=\"true\" class=\"fa fa-long-arrow-right\"><\/i><\/a>\n\t\t\t\t            <\/div>\n          <\/div>\n        <\/div><!-- end item -->\n               <div class=\"item-services\">\n          <div class=\"thumbnail\">\n            <a href=\"https:\/\/afridisk.com\/?service=afripro-app\" class=\"services-3-column-img-container\">\n              <img loading=\"lazy\" decoding=\"async\" width=\"1844\" height=\"2048\" src=\"https:\/\/afridisk.com\/wp-content\/uploads\/2016\/06\/AFRIPRO-IMAGE-1.jpg\" class=\"attachment-post-thumbnail size-post-thumbnail wp-post-image\" alt=\"T\u00e9l\u00e9charger Afripro pour offrir un travail ou trouver un travail.\" srcset=\"https:\/\/afridisk.com\/wp-content\/uploads\/2016\/06\/AFRIPRO-IMAGE-1.jpg 1844w, https:\/\/afridisk.com\/wp-content\/uploads\/2016\/06\/AFRIPRO-IMAGE-1-270x300.jpg 270w, https:\/\/afridisk.com\/wp-content\/uploads\/2016\/06\/AFRIPRO-IMAGE-1-922x1024.jpg 922w, https:\/\/afridisk.com\/wp-content\/uploads\/2016\/06\/AFRIPRO-IMAGE-1-768x853.jpg 768w, https:\/\/afridisk.com\/wp-content\/uploads\/2016\/06\/AFRIPRO-IMAGE-1-1383x1536.jpg 1383w, https:\/\/afridisk.com\/wp-content\/uploads\/2016\/06\/AFRIPRO-IMAGE-1-600x666.jpg 600w\" sizes=\"auto, (max-width: 1844px) 100vw, 1844px\" \/>              <h4>Afripro App<\/h4>\n            <\/a>\n            <div class=\"caption\">\n\t\t\t\t<p>Technicien ou client, t\u00e9l\u00e9charger Afripro et cr\u00e9er votre compte. <\/p>\n\t\t\t\t\t\t\t\t\t<a class=\"learn-more\" href=\"https:\/\/afripro.tech\">Learn More <i aria-hidden=\"true\" class=\"fa fa-long-arrow-right\"><\/i><\/a>\n\t\t\t\t            <\/div>\n          <\/div>\n        <\/div><!-- end item -->\n               <div class=\"item-services\">\n          <div class=\"thumbnail\">\n            <a href=\"https:\/\/afridisk.com\/?service=afrisafe-app\" class=\"services-3-column-img-container\">\n              <img loading=\"lazy\" decoding=\"async\" width=\"946\" height=\"960\" src=\"https:\/\/afridisk.com\/wp-content\/uploads\/2016\/06\/Afrisafe.jpg\" class=\"attachment-post-thumbnail size-post-thumbnail wp-post-image\" alt=\"Transport S\u00e9curis\u00e9\" srcset=\"https:\/\/afridisk.com\/wp-content\/uploads\/2016\/06\/Afrisafe.jpg 946w, https:\/\/afridisk.com\/wp-content\/uploads\/2016\/06\/Afrisafe-296x300.jpg 296w, https:\/\/afridisk.com\/wp-content\/uploads\/2016\/06\/Afrisafe-768x779.jpg 768w, https:\/\/afridisk.com\/wp-content\/uploads\/2016\/06\/Afrisafe-600x609.jpg 600w, https:\/\/afridisk.com\/wp-content\/uploads\/2016\/06\/Afrisafe-100x100.jpg 100w\" sizes=\"auto, (max-width: 946px) 100vw, 946px\" \/>              <h4>AfriSAFE App<\/h4>\n            <\/a>\n            <div class=\"caption\">\n\t\t\t\t<p>T\u00e9l\u00e9chargez AfriSAFE, commandez un taxi et d\u00e9placez-vous en toute s\u00e9curit\u00e9.<\/p>\n\t\t\t\t\t\t\t\t\t<a class=\"learn-more\" href=\"https:\/\/afrisafe.taxi\">Learn More <i aria-hidden=\"true\" class=\"fa fa-long-arrow-right\"><\/i><\/a>\n\t\t\t\t            <\/div>\n          <\/div>\n        <\/div><!-- end item -->\n               <div class=\"item-services\">\n          <div class=\"thumbnail\">\n            <a href=\"https:\/\/afridisk.com\/?service=certification-iso\" class=\"services-3-column-img-container\">\n              <img loading=\"lazy\" decoding=\"async\" width=\"2560\" height=\"1920\" src=\"https:\/\/afridisk.com\/wp-content\/uploads\/2016\/06\/PECB-Conference-scaled.jpg\" class=\"attachment-post-thumbnail size-post-thumbnail wp-post-image\" alt=\"Obtenez la Certification ISO gr\u00e2ce au partenariat PECB - AFRIDISK\" srcset=\"https:\/\/afridisk.com\/wp-content\/uploads\/2016\/06\/PECB-Conference-scaled.jpg 2560w, https:\/\/afridisk.com\/wp-content\/uploads\/2016\/06\/PECB-Conference-300x225.jpg 300w, https:\/\/afridisk.com\/wp-content\/uploads\/2016\/06\/PECB-Conference-1024x768.jpg 1024w, https:\/\/afridisk.com\/wp-content\/uploads\/2016\/06\/PECB-Conference-768x576.jpg 768w, https:\/\/afridisk.com\/wp-content\/uploads\/2016\/06\/PECB-Conference-1536x1152.jpg 1536w, https:\/\/afridisk.com\/wp-content\/uploads\/2016\/06\/PECB-Conference-2048x1536.jpg 2048w, https:\/\/afridisk.com\/wp-content\/uploads\/2016\/06\/PECB-Conference-600x450.jpg 600w\" sizes=\"auto, (max-width: 2560px) 100vw, 2560px\" \/>              <h4>Certification ISO<\/h4>\n            <\/a>\n            <div class=\"caption\">\n\t\t\t\t<p>Afridisk sarl a sign\u00e9 un partenariat avec PECB Group Inc. en vue de fournir les formations et la certification ISO. <\/p>\n\t\t\t\t\t\t\t\t\t<a class=\"learn-more\" href=\"https:\/\/pecb.com\/fr\/newsDetail?nid=2719&#038;lid=3\">Learn More <i aria-hidden=\"true\" class=\"fa fa-long-arrow-right\"><\/i><\/a>\n\t\t\t\t            <\/div>\n          <\/div>\n        <\/div><!-- end item -->\n               <div class=\"item-services\">\n          <div class=\"thumbnail\">\n            <a href=\"https:\/\/afridisk.com\/?service=gestion-immobiliere\" class=\"services-3-column-img-container\">\n              <img loading=\"lazy\" decoding=\"async\" width=\"2560\" height=\"1920\" src=\"https:\/\/afridisk.com\/wp-content\/uploads\/2016\/06\/Maison-scaled.jpg\" class=\"attachment-post-thumbnail size-post-thumbnail wp-post-image\" alt=\"\" srcset=\"https:\/\/afridisk.com\/wp-content\/uploads\/2016\/06\/Maison-scaled.jpg 2560w, https:\/\/afridisk.com\/wp-content\/uploads\/2016\/06\/Maison-300x225.jpg 300w, https:\/\/afridisk.com\/wp-content\/uploads\/2016\/06\/Maison-1024x768.jpg 1024w, https:\/\/afridisk.com\/wp-content\/uploads\/2016\/06\/Maison-768x576.jpg 768w, https:\/\/afridisk.com\/wp-content\/uploads\/2016\/06\/Maison-1536x1152.jpg 1536w, https:\/\/afridisk.com\/wp-content\/uploads\/2016\/06\/Maison-2048x1536.jpg 2048w, https:\/\/afridisk.com\/wp-content\/uploads\/2016\/06\/Maison-600x450.jpg 600w\" sizes=\"auto, (max-width: 2560px) 100vw, 2560px\" \/>              <h4>Gestion Immobili\u00e8re<\/h4>\n            <\/a>\n            <div class=\"caption\">\n\t\t\t\t<p>Prolongez la vie de votre b\u00e2timent et maintenez-le efficacement op\u00e9rationnel gr\u00e2ce \u00e0 notre expertise.<\/p>\n\t\t\t\t\t\t\t\t\t<a class=\"learn-more\" href=\"https:\/\/acrobat.adobe.com\/id\/urn:aaid:sc:va6c2:51549374-aa49-4ee7-a545-b4cee2b3c3d3\">Learn More <i aria-hidden=\"true\" class=\"fa fa-long-arrow-right\"><\/i><\/a>\n\t\t\t\t            <\/div>\n          <\/div>\n        <\/div><!-- end item -->\n               <div class=\"item-services\">\n          <div class=\"thumbnail\">\n            <a href=\"https:\/\/afridisk.com\/?service=afripro-auto\" class=\"services-3-column-img-container\">\n              <img loading=\"lazy\" decoding=\"async\" width=\"2460\" height=\"936\" src=\"https:\/\/afridisk.com\/wp-content\/uploads\/2016\/06\/3A2C8A70-E44C-4096-8729-BD1ED48929D5-592-0000050A72531C6E_202409230913058.png\" class=\"attachment-post-thumbnail size-post-thumbnail wp-post-image\" alt=\"\" srcset=\"https:\/\/afridisk.com\/wp-content\/uploads\/2016\/06\/3A2C8A70-E44C-4096-8729-BD1ED48929D5-592-0000050A72531C6E_202409230913058.png 2460w, https:\/\/afridisk.com\/wp-content\/uploads\/2016\/06\/3A2C8A70-E44C-4096-8729-BD1ED48929D5-592-0000050A72531C6E_202409230913058-300x114.png 300w, https:\/\/afridisk.com\/wp-content\/uploads\/2016\/06\/3A2C8A70-E44C-4096-8729-BD1ED48929D5-592-0000050A72531C6E_202409230913058-1024x390.png 1024w, https:\/\/afridisk.com\/wp-content\/uploads\/2016\/06\/3A2C8A70-E44C-4096-8729-BD1ED48929D5-592-0000050A72531C6E_202409230913058-768x292.png 768w, https:\/\/afridisk.com\/wp-content\/uploads\/2016\/06\/3A2C8A70-E44C-4096-8729-BD1ED48929D5-592-0000050A72531C6E_202409230913058-1536x584.png 1536w, https:\/\/afridisk.com\/wp-content\/uploads\/2016\/06\/3A2C8A70-E44C-4096-8729-BD1ED48929D5-592-0000050A72531C6E_202409230913058-2048x779.png 2048w, https:\/\/afridisk.com\/wp-content\/uploads\/2016\/06\/3A2C8A70-E44C-4096-8729-BD1ED48929D5-592-0000050A72531C6E_202409230913058-600x228.png 600w\" sizes=\"auto, (max-width: 2460px) 100vw, 2460px\" \/>              <h4>Afripro Auto<\/h4>\n            <\/a>\n            <div class=\"caption\">\n\t\t\t\t<p>Donnez une longue vie paisible \u00e0 votre v\u00e9hicule gr\u00e2ce aux pi\u00e8ces issues des fabricants et les avantages d&#039;Afripro Auto<\/p>\n\t\t\t\t\t\t\t\t\t<a class=\"learn-more\" href=\"https:\/\/www.facebook.com\/share\/.wEXDJv1mEBK3eaBN\/?mibextid=LQQJ4d\">Learn More <i aria-hidden=\"true\" class=\"fa fa-long-arrow-right\"><\/i><\/a>\n\t\t\t\t            <\/div>\n          <\/div>\n        <\/div><!-- end item -->\n            <\/div>\n[\/vc_column][\/vc_row]<\/p>\n<\/div>","protected":false},"excerpt":{"rendered":"<p>[vc_row css=&#8221;.vc_custom_1466501928657{padding-top: 50px !important;padding-bottom: 20px !important;}&#8221;][vc_column][\/vc_column][\/vc_row]<\/p>\n","protected":false},"author":1,"featured_media":0,"parent":0,"menu_order":0,"comment_status":"closed","ping_status":"closed","template":"page-templates\/template-fullwidth.php","meta":{"footnotes":""},"class_list":["post-284","page","type-page","status-publish","hentry"],"_links":{"self":[{"href":"https:\/\/afridisk.com\/index.php?rest_route=\/wp\/v2\/pages\/284","targetHints":{"allow":["GET"]}}],"collection":[{"href":"https:\/\/afridisk.com\/index.php?rest_route=\/wp\/v2\/pages"}],"about":[{"href":"https:\/\/afridisk.com\/index.php?rest_route=\/wp\/v2\/types\/page"}],"author":[{"embeddable":true,"href":"https:\/\/afridisk.com\/index.php?rest_route=\/wp\/v2\/users\/1"}],"replies":[{"embeddable":true,"href":"https:\/\/afridisk.com\/index.php?rest_route=%2Fwp%2Fv2%2Fcomments&post=284"}],"version-history":[{"count":3,"href":"https:\/\/afridisk.com\/index.php?rest_route=\/wp\/v2\/pages\/284\/revisions"}],"predecessor-version":[{"id":1045,"href":"https:\/\/afridisk.com\/index.php?rest_route=\/wp\/v2\/pages\/284\/revisions\/1045"}],"wp:attachment":[{"href":"https:\/\/afridisk.com\/index.php?rest_route=%2Fwp%2Fv2%2Fmedia&parent=284"}],"curies":[{"name":"wp","href":"https:\/\/api.w.org\/{rel}","templated":true}]}}