{"id":145,"date":"2016-06-20T04:00:57","date_gmt":"2016-06-20T04:00:57","guid":{"rendered":"http:\/\/demo.thememodern.com\/finance\/?page_id=145"},"modified":"2024-12-05T14:42:01","modified_gmt":"2024-12-05T14:42:01","slug":"accueil","status":"publish","type":"page","link":"https:\/\/afridisk.com\/","title":{"rendered":"Accueil"},"content":{"rendered":"<div class=\"wpb-content-wrapper\"><p>[vc_row fullwidth=&#8221;yes&#8221; css=&#8221;.vc_custom_1467167832753{padding-top: 0px !important;padding-bottom: 0px !important;background-position: center !important;background-repeat: no-repeat !important;background-size: cover !important;}&#8221;][vc_column][rev_slider_vc alias=&#8221;slider2&#8243;][\/vc_column][\/vc_row][vc_row css=&#8221;.vc_custom_1466408266328{padding-top: 50px !important;}&#8221;][vc_column]\n  <h2 style=\"text-align: left;\" > Nos services<\/h2>\n    <div class=\"services-home-2\">\n  <div class=\"\">\n      \n     <div class=\"col-md-4  item-services\">\n       <div class=\"thumbnail\">\n          <a href=\"https:\/\/afridisk.com\/?service=afripro-aide-menagere\" class=\"services-3-column-img-container\">\n            <img loading=\"lazy\" decoding=\"async\" width=\"320\" height=\"244\" src=\"https:\/\/afridisk.com\/wp-content\/uploads\/2024\/10\/IMG_6265.jpg\" class=\"attachment-post-thumbnail size-post-thumbnail wp-post-image\" alt=\"\" srcset=\"https:\/\/afridisk.com\/wp-content\/uploads\/2024\/10\/IMG_6265.jpg 320w, https:\/\/afridisk.com\/wp-content\/uploads\/2024\/10\/IMG_6265-300x229.jpg 300w\" sizes=\"auto, (max-width: 320px) 100vw, 320px\" \/>            <h4>Afripro Aide-m\u00e9nag\u00e8re<\/h4>\n          <\/a>\n          <div class=\"caption\">               \n            <p>Afripro Aide-m\u00e9nag\u00e8re met \u00e0 votre disposition des aide-m\u00e9nag\u00e8res  form\u00e9s et disciplin\u00e9s<\/p>\n            \t\t\t\t<a class=\"learn-more\" href=\"https:\/\/afridisk.com\">Learn More <i aria-hidden=\"true\" class=\"fa fa-long-arrow-right\"><\/i><\/a>\n\t\t\t          <\/div>\n        <\/div>\n    <\/div> <!-- end column 1 -->\n    \n     <div class=\"col-md-4  item-services\">\n       <div class=\"thumbnail\">\n          <a href=\"https:\/\/afridisk.com\/?service=afripro-app\" class=\"services-3-column-img-container\">\n            <img loading=\"lazy\" decoding=\"async\" width=\"1844\" height=\"2048\" src=\"https:\/\/afridisk.com\/wp-content\/uploads\/2016\/06\/AFRIPRO-IMAGE-1.jpg\" class=\"attachment-post-thumbnail size-post-thumbnail wp-post-image\" alt=\"T\u00e9l\u00e9charger Afripro pour offrir un travail ou trouver un travail.\" srcset=\"https:\/\/afridisk.com\/wp-content\/uploads\/2016\/06\/AFRIPRO-IMAGE-1.jpg 1844w, https:\/\/afridisk.com\/wp-content\/uploads\/2016\/06\/AFRIPRO-IMAGE-1-270x300.jpg 270w, https:\/\/afridisk.com\/wp-content\/uploads\/2016\/06\/AFRIPRO-IMAGE-1-922x1024.jpg 922w, https:\/\/afridisk.com\/wp-content\/uploads\/2016\/06\/AFRIPRO-IMAGE-1-768x853.jpg 768w, https:\/\/afridisk.com\/wp-content\/uploads\/2016\/06\/AFRIPRO-IMAGE-1-1383x1536.jpg 1383w, https:\/\/afridisk.com\/wp-content\/uploads\/2016\/06\/AFRIPRO-IMAGE-1-600x666.jpg 600w\" sizes=\"auto, (max-width: 1844px) 100vw, 1844px\" \/>            <h4>Afripro App<\/h4>\n          <\/a>\n          <div class=\"caption\">               \n            <p>Technicien ou client, t\u00e9l\u00e9charger Afripro et cr\u00e9er votre compte. <\/p>\n            \t\t\t\t<a class=\"learn-more\" href=\"https:\/\/afripro.tech\">Learn More <i aria-hidden=\"true\" class=\"fa fa-long-arrow-right\"><\/i><\/a>\n\t\t\t          <\/div>\n        <\/div>\n    <\/div> <!-- end column 1 -->\n    \n     <div class=\"col-md-4  item-services\">\n       <div class=\"thumbnail\">\n          <a href=\"https:\/\/afridisk.com\/?service=afrisafe-app\" class=\"services-3-column-img-container\">\n            <img loading=\"lazy\" decoding=\"async\" width=\"946\" height=\"960\" src=\"https:\/\/afridisk.com\/wp-content\/uploads\/2016\/06\/Afrisafe.jpg\" class=\"attachment-post-thumbnail size-post-thumbnail wp-post-image\" alt=\"Transport S\u00e9curis\u00e9\" srcset=\"https:\/\/afridisk.com\/wp-content\/uploads\/2016\/06\/Afrisafe.jpg 946w, https:\/\/afridisk.com\/wp-content\/uploads\/2016\/06\/Afrisafe-296x300.jpg 296w, https:\/\/afridisk.com\/wp-content\/uploads\/2016\/06\/Afrisafe-768x779.jpg 768w, https:\/\/afridisk.com\/wp-content\/uploads\/2016\/06\/Afrisafe-600x609.jpg 600w, https:\/\/afridisk.com\/wp-content\/uploads\/2016\/06\/Afrisafe-100x100.jpg 100w\" sizes=\"auto, (max-width: 946px) 100vw, 946px\" \/>            <h4>AfriSAFE App<\/h4>\n          <\/a>\n          <div class=\"caption\">               \n            <p>T\u00e9l\u00e9chargez AfriSAFE, commandez un taxi et d\u00e9placez-vous en toute s\u00e9curit\u00e9.<\/p>\n            \t\t\t\t<a class=\"learn-more\" href=\"https:\/\/afrisafe.taxi\">Learn More <i aria-hidden=\"true\" class=\"fa fa-long-arrow-right\"><\/i><\/a>\n\t\t\t          <\/div>\n        <\/div>\n    <\/div> <!-- end column 1 -->\n    \n     <div class=\"col-md-4  item-services\">\n       <div class=\"thumbnail\">\n          <a href=\"https:\/\/afridisk.com\/?service=certification-iso\" class=\"services-3-column-img-container\">\n            <img loading=\"lazy\" decoding=\"async\" width=\"2560\" height=\"1920\" src=\"https:\/\/afridisk.com\/wp-content\/uploads\/2016\/06\/PECB-Conference-scaled.jpg\" class=\"attachment-post-thumbnail size-post-thumbnail wp-post-image\" alt=\"Obtenez la Certification ISO gr\u00e2ce au partenariat PECB - AFRIDISK\" srcset=\"https:\/\/afridisk.com\/wp-content\/uploads\/2016\/06\/PECB-Conference-scaled.jpg 2560w, https:\/\/afridisk.com\/wp-content\/uploads\/2016\/06\/PECB-Conference-300x225.jpg 300w, https:\/\/afridisk.com\/wp-content\/uploads\/2016\/06\/PECB-Conference-1024x768.jpg 1024w, https:\/\/afridisk.com\/wp-content\/uploads\/2016\/06\/PECB-Conference-768x576.jpg 768w, https:\/\/afridisk.com\/wp-content\/uploads\/2016\/06\/PECB-Conference-1536x1152.jpg 1536w, https:\/\/afridisk.com\/wp-content\/uploads\/2016\/06\/PECB-Conference-2048x1536.jpg 2048w, https:\/\/afridisk.com\/wp-content\/uploads\/2016\/06\/PECB-Conference-600x450.jpg 600w\" sizes=\"auto, (max-width: 2560px) 100vw, 2560px\" \/>            <h4>Certification ISO<\/h4>\n          <\/a>\n          <div class=\"caption\">               \n            <p>Afridisk sarl a sign\u00e9 un partenariat avec PECB Group Inc. en vue de fournir les formations et la certification ISO. <\/p>\n            \t\t\t\t<a class=\"learn-more\" href=\"https:\/\/pecb.com\/fr\/newsDetail?nid=2719&#038;lid=3\">Learn More <i aria-hidden=\"true\" class=\"fa fa-long-arrow-right\"><\/i><\/a>\n\t\t\t          <\/div>\n        <\/div>\n    <\/div> <!-- end column 1 -->\n    \n     <div class=\"col-md-4  item-services\">\n       <div class=\"thumbnail\">\n          <a href=\"https:\/\/afridisk.com\/?service=gestion-immobiliere\" class=\"services-3-column-img-container\">\n            <img loading=\"lazy\" decoding=\"async\" width=\"2560\" height=\"1920\" src=\"https:\/\/afridisk.com\/wp-content\/uploads\/2016\/06\/Maison-scaled.jpg\" class=\"attachment-post-thumbnail size-post-thumbnail wp-post-image\" alt=\"\" srcset=\"https:\/\/afridisk.com\/wp-content\/uploads\/2016\/06\/Maison-scaled.jpg 2560w, https:\/\/afridisk.com\/wp-content\/uploads\/2016\/06\/Maison-300x225.jpg 300w, https:\/\/afridisk.com\/wp-content\/uploads\/2016\/06\/Maison-1024x768.jpg 1024w, https:\/\/afridisk.com\/wp-content\/uploads\/2016\/06\/Maison-768x576.jpg 768w, https:\/\/afridisk.com\/wp-content\/uploads\/2016\/06\/Maison-1536x1152.jpg 1536w, https:\/\/afridisk.com\/wp-content\/uploads\/2016\/06\/Maison-2048x1536.jpg 2048w, https:\/\/afridisk.com\/wp-content\/uploads\/2016\/06\/Maison-600x450.jpg 600w\" sizes=\"auto, (max-width: 2560px) 100vw, 2560px\" \/>            <h4>Gestion Immobili\u00e8re<\/h4>\n          <\/a>\n          <div class=\"caption\">               \n            <p>Prolongez la vie de votre b\u00e2timent et maintenez-le efficacement op\u00e9rationnel gr\u00e2ce \u00e0 notre expertise.<\/p>\n            \t\t\t\t<a class=\"learn-more\" href=\"https:\/\/acrobat.adobe.com\/id\/urn:aaid:sc:va6c2:51549374-aa49-4ee7-a545-b4cee2b3c3d3\">Learn More <i aria-hidden=\"true\" class=\"fa fa-long-arrow-right\"><\/i><\/a>\n\t\t\t          <\/div>\n        <\/div>\n    <\/div> <!-- end column 1 -->\n    \n     <div class=\"col-md-4  item-services\">\n       <div class=\"thumbnail\">\n          <a href=\"https:\/\/afridisk.com\/?service=afripro-auto\" class=\"services-3-column-img-container\">\n            <img loading=\"lazy\" decoding=\"async\" width=\"2460\" height=\"936\" src=\"https:\/\/afridisk.com\/wp-content\/uploads\/2016\/06\/3A2C8A70-E44C-4096-8729-BD1ED48929D5-592-0000050A72531C6E_202409230913058.png\" class=\"attachment-post-thumbnail size-post-thumbnail wp-post-image\" alt=\"\" srcset=\"https:\/\/afridisk.com\/wp-content\/uploads\/2016\/06\/3A2C8A70-E44C-4096-8729-BD1ED48929D5-592-0000050A72531C6E_202409230913058.png 2460w, https:\/\/afridisk.com\/wp-content\/uploads\/2016\/06\/3A2C8A70-E44C-4096-8729-BD1ED48929D5-592-0000050A72531C6E_202409230913058-300x114.png 300w, https:\/\/afridisk.com\/wp-content\/uploads\/2016\/06\/3A2C8A70-E44C-4096-8729-BD1ED48929D5-592-0000050A72531C6E_202409230913058-1024x390.png 1024w, https:\/\/afridisk.com\/wp-content\/uploads\/2016\/06\/3A2C8A70-E44C-4096-8729-BD1ED48929D5-592-0000050A72531C6E_202409230913058-768x292.png 768w, https:\/\/afridisk.com\/wp-content\/uploads\/2016\/06\/3A2C8A70-E44C-4096-8729-BD1ED48929D5-592-0000050A72531C6E_202409230913058-1536x584.png 1536w, https:\/\/afridisk.com\/wp-content\/uploads\/2016\/06\/3A2C8A70-E44C-4096-8729-BD1ED48929D5-592-0000050A72531C6E_202409230913058-2048x779.png 2048w, https:\/\/afridisk.com\/wp-content\/uploads\/2016\/06\/3A2C8A70-E44C-4096-8729-BD1ED48929D5-592-0000050A72531C6E_202409230913058-600x228.png 600w\" sizes=\"auto, (max-width: 2460px) 100vw, 2460px\" \/>            <h4>Afripro Auto<\/h4>\n          <\/a>\n          <div class=\"caption\">               \n            <p>Donnez une longue vie paisible \u00e0 votre v\u00e9hicule gr\u00e2ce aux pi\u00e8ces issues des fabricants et les avantages d&#039;Afripro Auto<\/p>\n            \t\t\t\t<a class=\"learn-more\" href=\"https:\/\/www.facebook.com\/share\/.wEXDJv1mEBK3eaBN\/?mibextid=LQQJ4d\">Learn More <i aria-hidden=\"true\" class=\"fa fa-long-arrow-right\"><\/i><\/a>\n\t\t\t          <\/div>\n        <\/div>\n    <\/div> <!-- end column 1 -->\n      <\/div>\n  <\/div> \n  [\/vc_column][\/vc_row][vc_row css=&#8221;.vc_custom_1733325437348{background-color: #f8f8f8 !important;}&#8221;][vc_column]\n\n\n\n\n\n    <h2 class=\"title\">T\u00e9moignages<\/h2>\n\n    <div class=\"customNavigation\">\n\n      <a class=\"btn prev-testimonials-1-columns\"><i class=\"fa fa-angle-left\"><\/i><\/a>\n\n      <a class=\"btn next-testimonials-1-columns\"><i class=\"fa fa-angle-right\"><\/i><\/a>\n\n    <\/div> \n\n      <div id=\"sync3\" class=\"owl-carousel owl-testimonials-1-columns clearfix\">\n\n        \n\n\n        <div class=\"item item-testimonials-1-columns text-left\">\n\n            <p>J&#8217;ai eu la b\u00e9n\u00e9diction de participer aux discussions sur le d\u00e9veloppement de l&#8217;application Afripro. C&#8217;est g\u00e9nial de voir une id\u00e9e devenir une r\u00e9alit\u00e9. J&#8217;utilise Afripro. Elle est install\u00e9e dans mon t\u00e9l\u00e9phone. Pour moi, c&#8217;est une partie de l&#8217;histoire de ma vie. J&#8217;ai \u00e9galement vu la conception de AfriSAFE et son d\u00e9veloppement. J&#8217;ai aussi vu la cr\u00e9ation de la soci\u00e9t\u00e9 Afridisk. J&#8217;ai fait des courses pour la soci\u00e9t\u00e9 pour obtenir les documents au guichet unique de cr\u00e9ation d&#8217;entreprise. C&#8217;est g\u00e9nial de voir la croissance d&#8217;Afridisk et la r\u00e9silience de son directeur g\u00e9n\u00e9ral ainsi que de toute son \u00e9quipe.<\/p>\n<span class=\"quote-icon\"><\/span>\n\n            <h4 class=\"name-testimonials-1-columns\">Estrella Kitoko<\/h4>\n\n            <span class=\"job-testimonials-1-columns\">Directrice G\u00e9n\u00e9rale et Fondatrice de Suki Ets.<\/span>\n\n        <\/div><!-- end item -->\n\n    \n\n\n        <div class=\"item item-testimonials-1-columns text-left\">\n\n            <p>J&#8217;ai particip\u00e9 dans le d\u00e9veloppement de l&#8217;application Afripro en tant qu&#8217;infographe. J&#8217;ai cr\u00e9\u00e9 la plupart des images qui se trouvent dans l&#8217;application ou dans les brochures. Je suis fier de voir Afripro devenir une r\u00e9alit\u00e9 efficace. La r\u00e9silience et le leadership de monsieur Aim\u00e9 sont remarquables. Il y a eu des d\u00e9fis \u00e9normes qu&#8217;il a pu\u00a0 surmonter.<\/p>\n<span class=\"quote-icon\"><\/span>\n\n            <h4 class=\"name-testimonials-1-columns\">Rodrigue Kabuya<\/h4>\n\n            <span class=\"job-testimonials-1-columns\">Consultant chez Service Humanitaire EJCSDJ<\/span>\n\n        <\/div><!-- end item -->\n\n    \n\n\n        <div class=\"item item-testimonials-1-columns text-left\">\n\n            <p>Afripro est une application tr\u00e8s pratique et qui nous facilite la vie. La soci\u00e9t\u00e9 Afridisk est une premi\u00e8re de son genre ici en RDC qui a une vision de devenir une g\u00e9ante voire une multinationale dans le secteur num\u00e9rique. Je suis fi\u00e8re de voir des jeunes congolais poursuivre une vision aussi noble.<\/p>\n<span class=\"quote-icon\"><\/span>\n\n            <h4 class=\"name-testimonials-1-columns\">D\u00e9borah Musanza<\/h4>\n\n            <span class=\"job-testimonials-1-columns\">Cliente et ancienne employ\u00e9e<\/span>\n\n        <\/div><!-- end item -->\n\n    \n\n\n        <div class=\"item item-testimonials-1-columns text-left\">\n\n            <p>La soci\u00e9t\u00e9 Afridisk est une g\u00e9ante mondiale en devenir. Ce n&#8217;est qu&#8217;une question de quelques ann\u00e9es. La d\u00e9termination de monsieur Aim\u00e9 Mbuyi dans la poursuite de sa vision me le rassure. Les produits digitaux\u00a0 Afripro, Afrisafe, Afripro auto et les autres plateformes num\u00e9riques qu&#8217;ils mettent en place sont des bombes financi\u00e8res.<\/p>\n<span class=\"quote-icon\"><\/span>\n\n            <h4 class=\"name-testimonials-1-columns\">Jean Paul Kalubi<\/h4>\n\n            <span class=\"job-testimonials-1-columns\">Project Manager chez Eglise de J\u00e9sus-Christ des Saints des Derniers Jours<\/span>\n\n        <\/div><!-- end item -->\n\n    \n\n\n        <div class=\"item item-testimonials-1-columns text-left\">\n\n            <p>Afridisk c&#8217;est la fiert\u00e9 de la RDC. J&#8217;utilise Afripro et j&#8217;ai h\u00e2te d&#8217;utiliser Afrisafe. Je suis fier de voir des jeunes mettre en place une soci\u00e9t\u00e9 aussi cr\u00e9ative.<\/p>\n<span class=\"quote-icon\"><\/span>\n\n            <h4 class=\"name-testimonials-1-columns\">Jos\u00e9 Pinto<\/h4>\n\n            <span class=\"job-testimonials-1-columns\">Assistant technique de direction chez Afridisk<\/span>\n\n        <\/div><!-- end item -->\n\n    \n\n\n        <div class=\"item item-testimonials-1-columns text-left\">\n\n            <p>Je connais Aim\u00e9 Mbuyi en tant qu&#8217;\u00e9tudiant \u00e0 la facult\u00e9 de polytechnique de l&#8217;universit\u00e9 de Kinshasa. C&#8217;\u00e9tait un gar\u00e7on tr\u00e8s courageux et qui n&#8217;avait pas peur de faire face aux d\u00e9fis. De dipl\u00f4m\u00e9 d&#8217;Etat de l&#8217;option commerciale et administrative au brillant \u00e9tudiant \u00e0 la facult\u00e9 de polytechnique, Aim\u00e9 avait d\u00e9montr\u00e9 d\u00e9j\u00e0 ses capacit\u00e9s \u00e0 affronter de grands d\u00e9fis avec plaisir et \u00e0 n&#8217;\u00e9pargner aucun effort pour les relever. Il m&#8217;avait parl\u00e9 de sa vision en rapport avec Afripro. Je l&#8217;ai vu transformer ses id\u00e9es en r\u00e9alit\u00e9s dans un environnement aussi pauvre num\u00e9riquement qu&#8217;est la RDC. C&#8217;est un homme sp\u00e9cial. Il fera de grandes choses \u00e0 l&#8217;avenir. C&#8217;est ce que me rassure sa capacit\u00e9 \u00e0 entreprendre des choses que beaucoup trouveraient irr\u00e9alisables. Afridisk est donc une grande entreprise en devenir.<\/p>\n<span class=\"quote-icon\"><\/span>\n\n            <h4 class=\"name-testimonials-1-columns\">Guelor Munenua<\/h4>\n\n            <span class=\"job-testimonials-1-columns\">Client<\/span>\n\n        <\/div><!-- end item -->\n\n    \n\n\n        <div class=\"item item-testimonials-1-columns text-left\">\n\n            <p>Aim\u00e9 Junior le fondateur d&#8217;Afridisk c&#8217;est mon ami d&#8217;enfance. Nous avons \u00e9tudi\u00e9 ensemble au complexe scolaire Budikadidi \u00e0 Tshikapa. C&#8217;\u00e9tait un internat. C&#8217;\u00e9tait l&#8217;\u00e9l\u00e8ve le plus intelligent de l&#8217;\u00e9cole et je pense que personne n&#8217;a battu son record apr\u00e8s lui. Non seulement Aim\u00e9 \u00e9tait un \u00e9l\u00e8ve exceptionnellement intelligent, il \u00e9tait \u00e9galement courageux. Il re\u00e7ut le surnom de Lumumba \u00e0 l&#8217;internat pour son courage \u00e0 d\u00e9fendre les \u00e9l\u00e8ves de sa classe dont il fut le chef au prix d&#8217;\u00eatre puni \u00e0 leur place sans jamais d\u00e9voiler les vrais r\u00e9calcitrants. Je ne suis pas \u00e9tonn\u00e9 de voir ce qu&#8217;il r\u00e9alise aujourd&#8217;hui. Je suis fier de lui. Je sais qu&#8217;il a encore beaucoup de surprises \u00e0 nous faire d\u00e9couvrir. C&#8217;est un homme sp\u00e9cial.<\/p>\n<span class=\"quote-icon\"><\/span>\n\n            <h4 class=\"name-testimonials-1-columns\">Giscard Kabasele<\/h4>\n\n            <span class=\"job-testimonials-1-columns\">Actionnaire dans Afridisk<\/span>\n\n        <\/div><!-- end item -->\n\n    \n\n\n        <div class=\"item item-testimonials-1-columns text-left\">\n\n            <p>Je suis reconnaissant d&#8217;avoir fait partie de l&#8217;\u00e9quipe de d\u00e9veloppement d&#8217;Afripro pendant une p\u00e9riode. Nous avions commenc\u00e9 avec l&#8217;\u00e9tude du d\u00e9veloppement de l&#8217;application Afridisk qui est la premi\u00e8re id\u00e9e d&#8217;application mobile que monsieur Aim\u00e9 avait con\u00e7ue. Il r\u00e9unit une \u00e9quipe qui avoua \u00eatre incapable de d\u00e9velopper Afridisk. Face \u00e0 plusieurs d\u00e9fis, monsieur Aim\u00e9 Mbuyi entreprit une d\u00e9marche qui nous surprit tous et qui conduisit \u00e0 la conception et au d\u00e9veloppement d&#8217;Afripro, AfriSAFE et Afripro auto en vue de parvenir un jour \u00e0 d\u00e9velopper Afridisk. Sa d\u00e9termination est hors du commun. Je suis certain qu&#8217;Afridisk sera une grande soci\u00e9t\u00e9 \u00e0 l&#8217;\u00e9chelle mondiale.<\/p>\n<span class=\"quote-icon\"><\/span>\n\n            <h4 class=\"name-testimonials-1-columns\">Celeste Lendo<\/h4>\n\n            <span class=\"job-testimonials-1-columns\">Client et ancien employ\u00e9<\/span>\n\n        <\/div><!-- end item -->\n\n    \n  <\/div>\n\n      <div id=\"sync4\" class=\"owl-carousel avatar-testimonials-1-columns\">\n\n        \n          <div class=\"item\">\n\n            \n          <\/div>\n\n         \n          <div class=\"item\">\n\n            \n          <\/div>\n\n         \n          <div class=\"item\">\n\n            \n          <\/div>\n\n         \n          <div class=\"item\">\n\n            \n          <\/div>\n\n         \n          <div class=\"item\">\n\n            \n          <\/div>\n\n         \n          <div class=\"item\">\n\n            \n          <\/div>\n\n         \n          <div class=\"item\">\n\n            \n          <\/div>\n\n         \n          <div class=\"item\">\n\n            \n          <\/div>\n\n         \n      <\/div>\n\n\n  [\/vc_column][\/vc_row][vc_row][vc_column]\n  <h2 style=\"text-align: left;\" > Notre engagement<\/h2>\n[vc_column_text css=&#8221;.vc_custom_1733325838407{margin-bottom: 0px !important;}&#8221;]<\/p>\n<p style=\"text-align: justify;\">Nous sommes d\u00e9termin\u00e9s \u00e0 cr\u00e9er, en R\u00e9publique D\u00e9mocratique du Congo, une multinationale forte et durable dans le secteur du num\u00e9rique. Nous sommes d\u00e9termin\u00e9s \u00e0 am\u00e9liorer le style de vie de la soci\u00e9t\u00e9 humaine en Afrique tout en r\u00e9alisant des profits \u00e9lev\u00e9s et en cr\u00e9ant des millions d\u2019emplois, d\u2019opportunit\u00e9s de march\u00e9s et d\u2019activit\u00e9s \u00e9conomiques rentables \u00e0 travers nos produits et services digitaux.<\/p>\n<p>[\/vc_column_text][\/vc_column][\/vc_row]<\/p>\n<\/div>","protected":false},"excerpt":{"rendered":"<p>[vc_row fullwidth=&#8221;yes&#8221; css=&#8221;.vc_custom_1467167832753{padding-top: 0px !important;padding-bottom: 0px !important;background-position: center !important;background-repeat: no-repeat !important;background-size: cover !important;}&#8221;][vc_column][rev_slider_vc alias=&#8221;slider2&#8243;][\/vc_column][\/vc_row][vc_row css=&#8221;.vc_custom_1466408266328{padding-top: 50px !important;}&#8221;][vc_column][\/vc_column][\/vc_row][vc_row css=&#8221;.vc_custom_1733325437348{background-color: #f8f8f8 !important;}&#8221;][vc_column][\/vc_column][\/vc_row][vc_row][vc_column][vc_column_text css=&#8221;.vc_custom_1733325838407{margin-bottom: 0px !important;}&#8221;] Nous sommes d\u00e9termin\u00e9s \u00e0 cr\u00e9er, en R\u00e9publique D\u00e9mocratique du Congo, une multinationale forte et durable dans le secteur du num\u00e9rique. Nous sommes d\u00e9termin\u00e9s \u00e0 am\u00e9liorer le style de vie de la soci\u00e9t\u00e9 [&hellip;]<\/p>\n","protected":false},"author":1,"featured_media":937,"parent":0,"menu_order":0,"comment_status":"closed","ping_status":"closed","template":"page-templates\/template-canvas.php","meta":{"footnotes":""},"class_list":["post-145","page","type-page","status-publish","has-post-thumbnail","hentry"],"_links":{"self":[{"href":"https:\/\/afridisk.com\/index.php?rest_route=\/wp\/v2\/pages\/145","targetHints":{"allow":["GET"]}}],"collection":[{"href":"https:\/\/afridisk.com\/index.php?rest_route=\/wp\/v2\/pages"}],"about":[{"href":"https:\/\/afridisk.com\/index.php?rest_route=\/wp\/v2\/types\/page"}],"author":[{"embeddable":true,"href":"https:\/\/afridisk.com\/index.php?rest_route=\/wp\/v2\/users\/1"}],"replies":[{"embeddable":true,"href":"https:\/\/afridisk.com\/index.php?rest_route=%2Fwp%2Fv2%2Fcomments&post=145"}],"version-history":[{"count":6,"href":"https:\/\/afridisk.com\/index.php?rest_route=\/wp\/v2\/pages\/145\/revisions"}],"predecessor-version":[{"id":1022,"href":"https:\/\/afridisk.com\/index.php?rest_route=\/wp\/v2\/pages\/145\/revisions\/1022"}],"wp:featuredmedia":[{"embeddable":true,"href":"https:\/\/afridisk.com\/index.php?rest_route=\/wp\/v2\/media\/937"}],"wp:attachment":[{"href":"https:\/\/afridisk.com\/index.php?rest_route=%2Fwp%2Fv2%2Fmedia&parent=145"}],"curies":[{"name":"wp","href":"https:\/\/api.w.org\/{rel}","templated":true}]}}